{"id":7,"date":"2024-02-16T15:09:31","date_gmt":"2024-02-16T15:09:31","guid":{"rendered":"https:\/\/ringenbach.commercial.dayhosting.fr\/?page_id=7"},"modified":"2024-03-11T22:53:38","modified_gmt":"2024-03-11T22:53:38","slug":"le-nouveau-e-mucem-ouvre-ses-portes-2","status":"publish","type":"page","link":"https:\/\/ringenbach.commercial.dayhosting.fr\/","title":{"rendered":"Votre Site vitrine"},"content":{"rendered":"\n<div class=\"wp-block-group alignwide\"><div class=\"wp-block-group__inner-container is-layout-flow wp-block-group-is-layout-flow\">\n<h2 class=\"wp-block-heading has-text-align-center\">La premi\u00e8re page donne toute la valeur de l&rsquo;entreprise au pr\u00e8s du monde entier<\/h2>\n<\/div><\/div>\n\n\n\n<div class=\"wp-block-columns alignwide is-layout-flex wp-container-core-columns-is-layout-9d6595d7 wp-block-columns-is-layout-flex\">\n<div class=\"wp-block-column is-layout-flow wp-block-column-is-layout-flow\">\n<div class=\"wp-block-group\"><div class=\"wp-block-group__inner-container is-layout-flow wp-block-group-is-layout-flow\">\n<figure class=\"wp-block-image alignfull size-full\"><img loading=\"lazy\" decoding=\"async\" width=\"275\" height=\"183\" src=\"https:\/\/ringenbach.commercial.dayhosting.fr\/wp-content\/uploads\/2024\/02\/images.jpg\" alt=\"\" class=\"wp-image-34\"\/><\/figure>\n\n\n\n<h3 class=\"wp-block-heading\">Retrouver vos articles ici<\/h3>\n\n\n\n<p>Faites lire vos articles facilement a partir de la page d&rsquo;accueil<\/p>\n\n\n\n<div class=\"wp-block-button is-style-outline is-style-outline--1\"><a class=\"wp-block-button__link wp-element-button\" href=\"https:\/\/ringenbach.commercial.dayhosting.fr\/?p=1\">Lire la suite<\/a><\/div>\n<\/div><\/div>\n<\/div>\n\n\n\n<div class=\"wp-block-column is-layout-flow wp-block-column-is-layout-flow\">\n<div class=\"wp-block-group\"><div class=\"wp-block-group__inner-container is-layout-flow wp-block-group-is-layout-flow\">\n<figure class=\"wp-block-image alignfull size-full\"><img loading=\"lazy\" decoding=\"async\" width=\"960\" height=\"634\" src=\"https:\/\/ringenbach.commercial.dayhosting.fr\/wp-content\/uploads\/2024\/02\/pngtree-colourful-feathers-image_13934716.jpg\" alt=\"\" class=\"wp-image-35\" srcset=\"https:\/\/ringenbach.commercial.dayhosting.fr\/wp-content\/uploads\/2024\/02\/pngtree-colourful-feathers-image_13934716.jpg 960w, https:\/\/ringenbach.commercial.dayhosting.fr\/wp-content\/uploads\/2024\/02\/pngtree-colourful-feathers-image_13934716-300x198.jpg 300w, https:\/\/ringenbach.commercial.dayhosting.fr\/wp-content\/uploads\/2024\/02\/pngtree-colourful-feathers-image_13934716-768x507.jpg 768w\" sizes=\"auto, (max-width: 960px) 100vw, 960px\" \/><\/figure>\n\n\n\n<h3 class=\"wp-block-heading\">Un autre article pour vous<\/h3>\n\n\n\n<p>plus vous aurez d&rsquo;article et plus vite vos clients vous connaitrons<\/p>\n\n\n\n<div class=\"wp-block-button is-style-outline is-style-outline--2\"><a class=\"wp-block-button__link wp-element-button\" href=\"https:\/\/ringenbach.commercial.dayhosting.fr\/?p=36\">Lire la suite<\/a><\/div>\n<\/div><\/div>\n<\/div>\n<\/div>\n\n\n\n<figure class=\"wp-block-image alignfull size-full\"><img loading=\"lazy\" decoding=\"async\" width=\"612\" height=\"433\" src=\"https:\/\/ringenbach.commercial.dayhosting.fr\/wp-content\/uploads\/2024\/02\/istockphoto-1391907030-612x612-1.jpg\" alt=\"\" class=\"wp-image-46\" srcset=\"https:\/\/ringenbach.commercial.dayhosting.fr\/wp-content\/uploads\/2024\/02\/istockphoto-1391907030-612x612-1.jpg 612w, https:\/\/ringenbach.commercial.dayhosting.fr\/wp-content\/uploads\/2024\/02\/istockphoto-1391907030-612x612-1-300x212.jpg 300w\" sizes=\"auto, (max-width: 612px) 100vw, 612px\" \/><\/figure>\n\n\n\n<div class=\"wp-block-group alignwide\"><div class=\"wp-block-group__inner-container is-layout-flow wp-block-group-is-layout-flow\">\n<h2 class=\"wp-block-heading has-text-align-center has-accent-color has-text-color\">\u00ab\u00a0Un site, c&rsquo;est une image d&rsquo;entreprise partag\u00e9 au monde entier \u00bb<\/h2>\n<\/div><\/div>\n\n\n\n<p class=\"has-drop-cap\">Avec DayHosting, pr\u00e9sentez avec structure sans y laisser votre temps.<\/p>\n\n\n\n<p>Nous savons que le temps est pr\u00e9cieux pour monter son entreprise. Alors laissez nous g\u00e9rer votre site pour offrir un visuel important.<\/p>\n\n\n\n<p>Et si vous souhaitez modifier certaines informations du site ? Nous sommes la pour vous \u00e9couter et trouver la meilleur solution pour vous satisfaire.<\/p>\n\n\n\n<div class=\"wp-block-cover alignwide\"><span aria-hidden=\"true\" class=\"wp-block-cover__background has-background-dim\"><\/span><img loading=\"lazy\" decoding=\"async\" width=\"1024\" height=\"614\" class=\"wp-block-cover__image-background wp-image-47\" alt=\"\" src=\"https:\/\/ringenbach.commercial.dayhosting.fr\/wp-content\/uploads\/2024\/02\/arthur-simony-creation-1024x614-1.jpg\" data-object-fit=\"cover\" srcset=\"https:\/\/ringenbach.commercial.dayhosting.fr\/wp-content\/uploads\/2024\/02\/arthur-simony-creation-1024x614-1.jpg 1024w, https:\/\/ringenbach.commercial.dayhosting.fr\/wp-content\/uploads\/2024\/02\/arthur-simony-creation-1024x614-1-300x180.jpg 300w, https:\/\/ringenbach.commercial.dayhosting.fr\/wp-content\/uploads\/2024\/02\/arthur-simony-creation-1024x614-1-768x461.jpg 768w\" sizes=\"auto, (max-width: 1024px) 100vw, 1024px\" \/><div class=\"wp-block-cover__inner-container is-layout-flow wp-block-cover-is-layout-flow\">\n<h6 class=\"wp-block-heading has-text-align-center has-large-font-size\"><strong>Souscrivez \u00e0 nos abonnement et partagez vos envies.<\/strong><\/h6>\n\n\n\n<p class=\"has-text-align-center\">Nous sommes la pour r\u00e9aliser vos envie et offrir \u00e0 vos clients le site \u00e0 votre image.<\/p>\n\n\n\n<div class=\"wp-block-buttons is-content-justification-center is-layout-flex wp-container-core-buttons-is-layout-16018d1d wp-block-buttons-is-layout-flex\">\n<div class=\"wp-block-button\"><a class=\"wp-block-button__link wp-element-button\" href=\"mailto:commercial.dayhosting.fr\">Nous rejoindre<\/a><\/div>\n<\/div>\n<\/div><\/div>\n\n\n\n<figure class=\"wp-block-gallery alignwide has-nested-images columns-default is-cropped wp-block-gallery-3 is-layout-flex wp-block-gallery-is-layout-flex\">\n<figure class=\"wp-block-image size-large\"><img loading=\"lazy\" decoding=\"async\" width=\"960\" height=\"634\" data-id=\"35\" src=\"https:\/\/ringenbach.commercial.dayhosting.fr\/wp-content\/uploads\/2024\/02\/pngtree-colourful-feathers-image_13934716.jpg\" alt=\"\" class=\"wp-image-35\" srcset=\"https:\/\/ringenbach.commercial.dayhosting.fr\/wp-content\/uploads\/2024\/02\/pngtree-colourful-feathers-image_13934716.jpg 960w, https:\/\/ringenbach.commercial.dayhosting.fr\/wp-content\/uploads\/2024\/02\/pngtree-colourful-feathers-image_13934716-300x198.jpg 300w, https:\/\/ringenbach.commercial.dayhosting.fr\/wp-content\/uploads\/2024\/02\/pngtree-colourful-feathers-image_13934716-768x507.jpg 768w\" sizes=\"auto, (max-width: 960px) 100vw, 960px\" \/><figcaption class=\"wp-element-caption\">Exemple de l\u00e9gende pour cette belle image color\u00e9<\/figcaption><\/figure>\n\n\n\n<figure class=\"wp-block-image size-large\"><img loading=\"lazy\" decoding=\"async\" width=\"275\" height=\"183\" data-id=\"34\" src=\"https:\/\/ringenbach.commercial.dayhosting.fr\/wp-content\/uploads\/2024\/02\/images.jpg\" alt=\"\" class=\"wp-image-34\"\/><figcaption class=\"wp-element-caption\">Exemple de l\u00e9gende pour cette belle image cr\u00e9ative<\/figcaption><\/figure>\n<\/figure>\n","protected":false},"excerpt":{"rendered":"<p>La premi\u00e8re page donne toute la valeur de l&rsquo;entreprise au pr\u00e8s du monde entier Retrouver vos articles ici Faites lire vos articles facilement a partir de la page d&rsquo;accueil Un autre article pour vous plus vous aurez d&rsquo;article et plus vite vos clients vous connaitrons \u00ab\u00a0Un site, c&rsquo;est une image d&rsquo;entreprise partag\u00e9 au monde entier [&hellip;]<\/p>\n","protected":false},"author":1,"featured_media":0,"parent":0,"menu_order":0,"comment_status":"closed","ping_status":"closed","template":"","meta":{"footnotes":""},"class_list":["post-7","page","type-page","status-publish","hentry"],"_links":{"self":[{"href":"https:\/\/ringenbach.commercial.dayhosting.fr\/index.php?rest_route=\/wp\/v2\/pages\/7","targetHints":{"allow":["GET"]}}],"collection":[{"href":"https:\/\/ringenbach.commercial.dayhosting.fr\/index.php?rest_route=\/wp\/v2\/pages"}],"about":[{"href":"https:\/\/ringenbach.commercial.dayhosting.fr\/index.php?rest_route=\/wp\/v2\/types\/page"}],"author":[{"embeddable":true,"href":"https:\/\/ringenbach.commercial.dayhosting.fr\/index.php?rest_route=\/wp\/v2\/users\/1"}],"replies":[{"embeddable":true,"href":"https:\/\/ringenbach.commercial.dayhosting.fr\/index.php?rest_route=%2Fwp%2Fv2%2Fcomments&post=7"}],"version-history":[{"count":5,"href":"https:\/\/ringenbach.commercial.dayhosting.fr\/index.php?rest_route=\/wp\/v2\/pages\/7\/revisions"}],"predecessor-version":[{"id":50,"href":"https:\/\/ringenbach.commercial.dayhosting.fr\/index.php?rest_route=\/wp\/v2\/pages\/7\/revisions\/50"}],"wp:attachment":[{"href":"https:\/\/ringenbach.commercial.dayhosting.fr\/index.php?rest_route=%2Fwp%2Fv2%2Fmedia&parent=7"}],"curies":[{"name":"wp","href":"https:\/\/api.w.org\/{rel}","templated":true}]}}