{"id":8,"date":"2024-02-16T15:09:32","date_gmt":"2024-02-16T15:09:32","guid":{"rendered":"https:\/\/ringenbach.commercial.dayhosting.fr\/?page_id=8"},"modified":"2024-02-16T15:52:53","modified_gmt":"2024-02-16T15:52:53","slug":"a-propos-de","status":"publish","type":"page","link":"https:\/\/ringenbach.commercial.dayhosting.fr\/?page_id=8","title":{"rendered":"Nous conna\u00eetre"},"content":{"rendered":"\n<p>Vous pouvez inscrire vos informations pour partager les moyens de vous trouver par mail, t\u00e9l\u00e9phone ou m\u00eame avec une adresse r\u00e9elle.<\/p>\n\n\n\n<div class=\"wp-block-columns is-layout-flex wp-container-core-columns-is-layout-9d6595d7 wp-block-columns-is-layout-flex\">\n<div class=\"wp-block-column is-layout-flow wp-block-column-is-layout-flow\" style=\"flex-basis:100%\">\n<div class=\"wp-block-buttons is-content-justification-space-between is-layout-flex wp-container-core-buttons-is-layout-3d213aab wp-block-buttons-is-layout-flex\">\n<div class=\"wp-block-button\"><a class=\"wp-block-button__link wp-element-button\" href=\"mailto:contact@dayhosting.fr\">Notre mail<\/a><\/div>\n\n\n\n<div class=\"wp-block-button\"><a class=\"wp-block-button__link has-text-align-center wp-element-button\" href=\"https:\/\/dayhosting.fr\/\">Notre Site Vitrine<\/a><\/div>\n<\/div>\n<\/div>\n<\/div>\n","protected":false},"excerpt":{"rendered":"<p>Vous pouvez inscrire vos informations pour partager les moyens de vous trouver par mail, t\u00e9l\u00e9phone ou m\u00eame avec une adresse r\u00e9elle.<\/p>\n","protected":false},"author":1,"featured_media":0,"parent":0,"menu_order":0,"comment_status":"closed","ping_status":"closed","template":"","meta":{"footnotes":""},"class_list":["post-8","page","type-page","status-publish","hentry"],"_links":{"self":[{"href":"https:\/\/ringenbach.commercial.dayhosting.fr\/index.php?rest_route=\/wp\/v2\/pages\/8","targetHints":{"allow":["GET"]}}],"collection":[{"href":"https:\/\/ringenbach.commercial.dayhosting.fr\/index.php?rest_route=\/wp\/v2\/pages"}],"about":[{"href":"https:\/\/ringenbach.commercial.dayhosting.fr\/index.php?rest_route=\/wp\/v2\/types\/page"}],"author":[{"embeddable":true,"href":"https:\/\/ringenbach.commercial.dayhosting.fr\/index.php?rest_route=\/wp\/v2\/users\/1"}],"replies":[{"embeddable":true,"href":"https:\/\/ringenbach.commercial.dayhosting.fr\/index.php?rest_route=%2Fwp%2Fv2%2Fcomments&post=8"}],"version-history":[{"count":2,"href":"https:\/\/ringenbach.commercial.dayhosting.fr\/index.php?rest_route=\/wp\/v2\/pages\/8\/revisions"}],"predecessor-version":[{"id":56,"href":"https:\/\/ringenbach.commercial.dayhosting.fr\/index.php?rest_route=\/wp\/v2\/pages\/8\/revisions\/56"}],"wp:attachment":[{"href":"https:\/\/ringenbach.commercial.dayhosting.fr\/index.php?rest_route=%2Fwp%2Fv2%2Fmedia&parent=8"}],"curies":[{"name":"wp","href":"https:\/\/api.w.org\/{rel}","templated":true}]}}